{"id":69,"date":"2024-01-05T16:32:39","date_gmt":"2024-01-05T16:32:39","guid":{"rendered":"https:\/\/mangroovypuertomorelos.com\/index.php\/unidades-disponibles\/"},"modified":"2025-08-10T13:17:40","modified_gmt":"2025-08-10T19:17:40","slug":"unidades-disponibles","status":"publish","type":"page","link":"https:\/\/mangroovypuertomorelos.com\/en\/unidades-disponibles\/","title":{"rendered":"Available Units"},"content":{"rendered":"<div data-elementor-type=\"wp-page\" data-elementor-id=\"69\" class=\"elementor elementor-69\" data-elementor-post-type=\"page\">\n\t\t\t\t\t\t<section class=\"elementor-section elementor-top-section elementor-element elementor-element-16a7a58d elementor-section-boxed elementor-section-height-default elementor-section-height-default\" data-id=\"16a7a58d\" data-element_type=\"section\" data-e-type=\"section\" data-settings=\"{&quot;background_background&quot;:&quot;classic&quot;}\">\n\t\t\t\t\t\t<div class=\"elementor-container elementor-column-gap-default\">\n\t\t\t\t\t<div class=\"elementor-column elementor-col-100 elementor-top-column elementor-element elementor-element-400ffd6e\" data-id=\"400ffd6e\" data-element_type=\"column\" data-e-type=\"column\">\n\t\t\t<div class=\"elementor-widget-wrap elementor-element-populated\">\n\t\t\t\t\t\t<div class=\"elementor-element elementor-element-2924afb elementor-widget-divider--view-line_text elementor-widget-divider--element-align-center elementor-widget elementor-widget-divider\" data-id=\"2924afb\" data-element_type=\"widget\" data-e-type=\"widget\" data-widget_type=\"divider.default\">\n\t\t\t\t<div class=\"elementor-widget-container\">\n\t\t\t\t\t\t\t<div class=\"elementor-divider\">\n\t\t\t<span class=\"elementor-divider-separator\">\n\t\t\t\t\t\t\t<span class=\"elementor-divider__text elementor-divider__element\">\n\t\t\t\t<b>Featured<\/b> Properties\t\t\t\t<\/span>\n\t\t\t\t\t\t<\/span>\n\t\t<\/div>\n\t\t\t\t\t\t<\/div>\n\t\t\t\t<\/div>\n\t\t\t\t\t<\/div>\n\t\t<\/div>\n\t\t\t\t\t<\/div>\n\t\t<\/section>\n\t\t\t\t<section class=\"elementor-section elementor-top-section elementor-element elementor-element-2081de63 elementor-section-boxed elementor-section-height-default elementor-section-height-default\" data-id=\"2081de63\" data-element_type=\"section\" data-e-type=\"section\">\n\t\t\t\t\t\t<div class=\"elementor-container elementor-column-gap-default\">\n\t\t\t\t\t<div class=\"elementor-column elementor-col-50 elementor-top-column elementor-element elementor-element-29107473\" data-id=\"29107473\" data-element_type=\"column\" data-e-type=\"column\">\n\t\t\t<div class=\"elementor-widget-wrap elementor-element-populated\">\n\t\t\t\t\t\t<div class=\"elementor-element elementor-element-6b07be75 elementor-widget elementor-widget-image\" data-id=\"6b07be75\" data-element_type=\"widget\" data-e-type=\"widget\" data-widget_type=\"image.default\">\n\t\t\t\t<div class=\"elementor-widget-container\">\n\t\t\t\t\t\t\t\t\t\t\t\t\t\t\t<img fetchpriority=\"high\" decoding=\"async\" width=\"800\" height=\"538\" src=\"https:\/\/mangroovypuertomorelos.com\/wp-content\/uploads\/2025\/05\/sold-out-unit-b-e1747799187230-1024x689.jpg\" class=\"attachment-large size-large wp-image-1205\" alt=\"\" srcset=\"https:\/\/mangroovypuertomorelos.com\/wp-content\/uploads\/2025\/05\/sold-out-unit-b-e1747799187230-1024x689.jpg 1024w, https:\/\/mangroovypuertomorelos.com\/wp-content\/uploads\/2025\/05\/sold-out-unit-b-e1747799187230-300x202.jpg 300w, https:\/\/mangroovypuertomorelos.com\/wp-content\/uploads\/2025\/05\/sold-out-unit-b-e1747799187230-768x517.jpg 768w, https:\/\/mangroovypuertomorelos.com\/wp-content\/uploads\/2025\/05\/sold-out-unit-b-e1747799187230-18x12.jpg 18w, https:\/\/mangroovypuertomorelos.com\/wp-content\/uploads\/2025\/05\/sold-out-unit-b-e1747799187230.jpg 1080w\" sizes=\"(max-width: 800px) 100vw, 800px\" \/>\t\t\t\t\t\t\t\t\t\t\t\t\t\t\t<\/div>\n\t\t\t\t<\/div>\n\t\t\t\t<div class=\"elementor-element elementor-element-9e7a445 elementor-widget elementor-widget-heading\" data-id=\"9e7a445\" data-element_type=\"widget\" data-e-type=\"widget\" data-widget_type=\"heading.default\">\n\t\t\t\t<div class=\"elementor-widget-container\">\n\t\t\t\t\t<h2 class=\"elementor-heading-title elementor-size-default\">Floor Units<\/h2>\t\t\t\t<\/div>\n\t\t\t\t<\/div>\n\t\t\t\t<div class=\"elementor-element elementor-element-4da26afa elementor-widget elementor-widget-heading\" data-id=\"4da26afa\" data-element_type=\"widget\" data-e-type=\"widget\" data-widget_type=\"heading.default\">\n\t\t\t\t<div class=\"elementor-widget-container\">\n\t\t\t\t\t<h2 class=\"elementor-heading-title elementor-size-default\">Lock Off<\/h2>\t\t\t\t<\/div>\n\t\t\t\t<\/div>\n\t\t\t\t<div class=\"elementor-element elementor-element-700ba2e4 elementor-widget elementor-widget-text-editor\" data-id=\"700ba2e4\" data-element_type=\"widget\" data-e-type=\"widget\" data-widget_type=\"text-editor.default\">\n\t\t\t\t<div class=\"elementor-widget-container\">\n\t\t\t\t\t\t\t\t\t<div class=\"page\" title=\"Page 2\"><div class=\"section\"><div class=\"layoutArea\"><div class=\"column\"><p>592\/619 sq feet apartments with lock off divisions. Fully equipped and functional for vacation rentals. Ideal for investors who expect high returns on their investment.<\/p><\/div><\/div><\/div><\/div>\t\t\t\t\t\t\t\t<\/div>\n\t\t\t\t<\/div>\n\t\t\t\t<div class=\"elementor-element elementor-element-5b2bbb83 elementor-align-left elementor-widget elementor-widget-button\" data-id=\"5b2bbb83\" data-element_type=\"widget\" data-e-type=\"widget\" data-widget_type=\"button.default\">\n\t\t\t\t<div class=\"elementor-widget-container\">\n\t\t\t\t\t\t\t\t\t<div class=\"elementor-button-wrapper\">\n\t\t\t\t\t<a class=\"elementor-button elementor-button-link elementor-size-sm\" href=\"https:\/\/mangroovypuertomorelos.com\/en\/unidades-disponibles\/lock-off\/\">\n\t\t\t\t\t\t<span class=\"elementor-button-content-wrapper\">\n\t\t\t\t\t\t\t\t\t<span class=\"elementor-button-text\">Learn More<\/span>\n\t\t\t\t\t<\/span>\n\t\t\t\t\t<\/a>\n\t\t\t\t<\/div>\n\t\t\t\t\t\t\t\t<\/div>\n\t\t\t\t<\/div>\n\t\t\t\t\t<\/div>\n\t\t<\/div>\n\t\t\t\t<div class=\"elementor-column elementor-col-50 elementor-top-column elementor-element elementor-element-4c4ef742\" data-id=\"4c4ef742\" data-element_type=\"column\" data-e-type=\"column\">\n\t\t\t<div class=\"elementor-widget-wrap elementor-element-populated\">\n\t\t\t\t\t\t<div class=\"elementor-element elementor-element-16e3b618 elementor-widget elementor-widget-image\" data-id=\"16e3b618\" data-element_type=\"widget\" data-e-type=\"widget\" data-widget_type=\"image.default\">\n\t\t\t\t<div class=\"elementor-widget-container\">\n\t\t\t\t\t\t\t\t\t\t\t\t\t\t\t<img decoding=\"async\" width=\"800\" height=\"536\" src=\"https:\/\/mangroovypuertomorelos.com\/wp-content\/uploads\/2025\/01\/1-e1738093946224-1024x686.jpg\" class=\"attachment-large size-large wp-image-1163\" alt=\"\" srcset=\"https:\/\/mangroovypuertomorelos.com\/wp-content\/uploads\/2025\/01\/1-e1738093946224-1024x686.jpg 1024w, https:\/\/mangroovypuertomorelos.com\/wp-content\/uploads\/2025\/01\/1-e1738093946224-300x201.jpg 300w, https:\/\/mangroovypuertomorelos.com\/wp-content\/uploads\/2025\/01\/1-e1738093946224-768x515.jpg 768w, https:\/\/mangroovypuertomorelos.com\/wp-content\/uploads\/2025\/01\/1-e1738093946224-18x12.jpg 18w, https:\/\/mangroovypuertomorelos.com\/wp-content\/uploads\/2025\/01\/1-e1738093946224.jpg 1080w\" sizes=\"(max-width: 800px) 100vw, 800px\" \/>\t\t\t\t\t\t\t\t\t\t\t\t\t\t\t<\/div>\n\t\t\t\t<\/div>\n\t\t\t\t<div class=\"elementor-element elementor-element-754dffd9 elementor-widget elementor-widget-heading\" data-id=\"754dffd9\" data-element_type=\"widget\" data-e-type=\"widget\" data-widget_type=\"heading.default\">\n\t\t\t\t<div class=\"elementor-widget-container\">\n\t\t\t\t\t<h2 class=\"elementor-heading-title elementor-size-default\">Floor Units<\/h2>\t\t\t\t<\/div>\n\t\t\t\t<\/div>\n\t\t\t\t<div class=\"elementor-element elementor-element-380c4ce elementor-widget elementor-widget-heading\" data-id=\"380c4ce\" data-element_type=\"widget\" data-e-type=\"widget\" data-widget_type=\"heading.default\">\n\t\t\t\t<div class=\"elementor-widget-container\">\n\t\t\t\t\t<h2 class=\"elementor-heading-title elementor-size-default\">Gran Studio<\/h2>\t\t\t\t<\/div>\n\t\t\t\t<\/div>\n\t\t\t\t<div class=\"elementor-element elementor-element-510a3dbd elementor-widget elementor-widget-text-editor\" data-id=\"510a3dbd\" data-element_type=\"widget\" data-e-type=\"widget\" data-widget_type=\"text-editor.default\">\n\t\t\t\t<div class=\"elementor-widget-container\">\n\t\t\t\t\t\t\t\t\t<div class=\"page\" title=\"Page 2\"><div class=\"section\"><div class=\"layoutArea\"><div class=\"column\"><p>775 sq feet apartments designed for investors who want longer stays in their property, and also rent it out during the time they are not there.<\/p><\/div><\/div><\/div><\/div>\t\t\t\t\t\t\t\t<\/div>\n\t\t\t\t<\/div>\n\t\t\t\t<div class=\"elementor-element elementor-element-7cbffd30 elementor-align-left elementor-widget elementor-widget-button\" data-id=\"7cbffd30\" data-element_type=\"widget\" data-e-type=\"widget\" data-widget_type=\"button.default\">\n\t\t\t\t<div class=\"elementor-widget-container\">\n\t\t\t\t\t\t\t\t\t<div class=\"elementor-button-wrapper\">\n\t\t\t\t\t<a class=\"elementor-button elementor-button-link elementor-size-sm\" href=\"https:\/\/mangroovypuertomorelos.com\/en\/unidades-disponibles\/gran-studio\/\">\n\t\t\t\t\t\t<span class=\"elementor-button-content-wrapper\">\n\t\t\t\t\t\t\t\t\t<span class=\"elementor-button-text\">Learn More<\/span>\n\t\t\t\t\t<\/span>\n\t\t\t\t\t<\/a>\n\t\t\t\t<\/div>\n\t\t\t\t\t\t\t\t<\/div>\n\t\t\t\t<\/div>\n\t\t\t\t\t<\/div>\n\t\t<\/div>\n\t\t\t\t\t<\/div>\n\t\t<\/section>\n\t\t\t\t<section class=\"elementor-section elementor-top-section elementor-element elementor-element-54ea61e6 elementor-section-boxed elementor-section-height-default elementor-section-height-default\" data-id=\"54ea61e6\" data-element_type=\"section\" data-e-type=\"section\">\n\t\t\t\t\t\t<div class=\"elementor-container elementor-column-gap-default\">\n\t\t\t\t\t<div class=\"elementor-column elementor-col-50 elementor-top-column elementor-element elementor-element-4595b5ae\" data-id=\"4595b5ae\" data-element_type=\"column\" data-e-type=\"column\">\n\t\t\t<div class=\"elementor-widget-wrap elementor-element-populated\">\n\t\t\t\t\t\t<div class=\"elementor-element elementor-element-4c948171 elementor-widget elementor-widget-image\" data-id=\"4c948171\" data-element_type=\"widget\" data-e-type=\"widget\" data-widget_type=\"image.default\">\n\t\t\t\t<div class=\"elementor-widget-container\">\n\t\t\t\t\t\t\t\t\t\t\t\t\t\t\t<img decoding=\"async\" width=\"800\" height=\"538\" src=\"https:\/\/mangroovypuertomorelos.com\/wp-content\/uploads\/2024\/01\/WhatsApp-Image-2023-12-08-at-1.25.50-PM-1-1-1024x688.jpeg\" class=\"attachment-large size-large wp-image-487\" alt=\"\" srcset=\"https:\/\/mangroovypuertomorelos.com\/wp-content\/uploads\/2024\/01\/WhatsApp-Image-2023-12-08-at-1.25.50-PM-1-1-1024x688.jpeg 1024w, https:\/\/mangroovypuertomorelos.com\/wp-content\/uploads\/2024\/01\/WhatsApp-Image-2023-12-08-at-1.25.50-PM-1-1-300x202.jpeg 300w, https:\/\/mangroovypuertomorelos.com\/wp-content\/uploads\/2024\/01\/WhatsApp-Image-2023-12-08-at-1.25.50-PM-1-1-768x516.jpeg 768w, https:\/\/mangroovypuertomorelos.com\/wp-content\/uploads\/2024\/01\/WhatsApp-Image-2023-12-08-at-1.25.50-PM-1-1-18x12.jpeg 18w, https:\/\/mangroovypuertomorelos.com\/wp-content\/uploads\/2024\/01\/WhatsApp-Image-2023-12-08-at-1.25.50-PM-1-1.jpeg 1440w\" sizes=\"(max-width: 800px) 100vw, 800px\" \/>\t\t\t\t\t\t\t\t\t\t\t\t\t\t\t<\/div>\n\t\t\t\t<\/div>\n\t\t\t\t<div class=\"elementor-element elementor-element-24921d60 elementor-widget elementor-widget-heading\" data-id=\"24921d60\" data-element_type=\"widget\" data-e-type=\"widget\" data-widget_type=\"heading.default\">\n\t\t\t\t<div class=\"elementor-widget-container\">\n\t\t\t\t\t<h2 class=\"elementor-heading-title elementor-size-default\">Unique in Puerto Morelos<\/h2>\t\t\t\t<\/div>\n\t\t\t\t<\/div>\n\t\t\t\t<div class=\"elementor-element elementor-element-74ab6930 elementor-widget elementor-widget-heading\" data-id=\"74ab6930\" data-element_type=\"widget\" data-e-type=\"widget\" data-widget_type=\"heading.default\">\n\t\t\t\t<div class=\"elementor-widget-container\">\n\t\t\t\t\t<h2 class=\"elementor-heading-title elementor-size-default\">Garden House<\/h2>\t\t\t\t<\/div>\n\t\t\t\t<\/div>\n\t\t\t\t<div class=\"elementor-element elementor-element-4a668fb2 elementor-widget elementor-widget-text-editor\" data-id=\"4a668fb2\" data-element_type=\"widget\" data-e-type=\"widget\" data-widget_type=\"text-editor.default\">\n\t\t\t\t<div class=\"elementor-widget-container\">\n\t\t\t\t\t\t\t\t\t<div class=\"page\" title=\"Page 2\"><div class=\"section\"><div class=\"layoutArea\"><div class=\"column\"><p>A spacious and luxurious studio of 1772 sq feet, with a private garden, adapted for both vacation rentals and long-term enjoyment.<\/p><\/div><\/div><\/div><\/div>\t\t\t\t\t\t\t\t<\/div>\n\t\t\t\t<\/div>\n\t\t\t\t<div class=\"elementor-element elementor-element-3056f552 elementor-align-left elementor-widget elementor-widget-button\" data-id=\"3056f552\" data-element_type=\"widget\" data-e-type=\"widget\" data-widget_type=\"button.default\">\n\t\t\t\t<div class=\"elementor-widget-container\">\n\t\t\t\t\t\t\t\t\t<div class=\"elementor-button-wrapper\">\n\t\t\t\t\t<a class=\"elementor-button elementor-button-link elementor-size-sm\" href=\"https:\/\/mangroovypuertomorelos.com\/en\/unidades-disponibles\/garden-house\/\">\n\t\t\t\t\t\t<span class=\"elementor-button-content-wrapper\">\n\t\t\t\t\t\t\t\t\t<span class=\"elementor-button-text\">Learn More<\/span>\n\t\t\t\t\t<\/span>\n\t\t\t\t\t<\/a>\n\t\t\t\t<\/div>\n\t\t\t\t\t\t\t\t<\/div>\n\t\t\t\t<\/div>\n\t\t\t\t\t<\/div>\n\t\t<\/div>\n\t\t\t\t<div class=\"elementor-column elementor-col-50 elementor-top-column elementor-element elementor-element-78c75b94\" data-id=\"78c75b94\" data-element_type=\"column\" data-e-type=\"column\">\n\t\t\t<div class=\"elementor-widget-wrap elementor-element-populated\">\n\t\t\t\t\t\t<div class=\"elementor-element elementor-element-2b12695e elementor-widget elementor-widget-image\" data-id=\"2b12695e\" data-element_type=\"widget\" data-e-type=\"widget\" data-widget_type=\"image.default\">\n\t\t\t\t<div class=\"elementor-widget-container\">\n\t\t\t\t\t\t\t\t\t\t\t\t\t\t\t<img loading=\"lazy\" decoding=\"async\" width=\"800\" height=\"538\" src=\"https:\/\/mangroovypuertomorelos.com\/wp-content\/uploads\/2025\/08\/Last-Unit-Aurora-e1754851967342-1024x689.jpg\" class=\"attachment-large size-large wp-image-1273\" alt=\"\" srcset=\"https:\/\/mangroovypuertomorelos.com\/wp-content\/uploads\/2025\/08\/Last-Unit-Aurora-e1754851967342-1024x689.jpg 1024w, https:\/\/mangroovypuertomorelos.com\/wp-content\/uploads\/2025\/08\/Last-Unit-Aurora-e1754851967342-300x202.jpg 300w, https:\/\/mangroovypuertomorelos.com\/wp-content\/uploads\/2025\/08\/Last-Unit-Aurora-e1754851967342-768x517.jpg 768w, https:\/\/mangroovypuertomorelos.com\/wp-content\/uploads\/2025\/08\/Last-Unit-Aurora-e1754851967342-18x12.jpg 18w, https:\/\/mangroovypuertomorelos.com\/wp-content\/uploads\/2025\/08\/Last-Unit-Aurora-e1754851967342.jpg 1080w\" sizes=\"(max-width: 800px) 100vw, 800px\" \/>\t\t\t\t\t\t\t\t\t\t\t\t\t\t\t<\/div>\n\t\t\t\t<\/div>\n\t\t\t\t<div class=\"elementor-element elementor-element-6194ec5 elementor-widget elementor-widget-heading\" data-id=\"6194ec5\" data-element_type=\"widget\" data-e-type=\"widget\" data-widget_type=\"heading.default\">\n\t\t\t\t<div class=\"elementor-widget-container\">\n\t\t\t\t\t<h2 class=\"elementor-heading-title elementor-size-default\">Unique in Puerto Morelos<\/h2>\t\t\t\t<\/div>\n\t\t\t\t<\/div>\n\t\t\t\t<div class=\"elementor-element elementor-element-494736f1 elementor-widget elementor-widget-heading\" data-id=\"494736f1\" data-element_type=\"widget\" data-e-type=\"widget\" data-widget_type=\"heading.default\">\n\t\t\t\t<div class=\"elementor-widget-container\">\n\t\t\t\t\t<h2 class=\"elementor-heading-title elementor-size-default\">Panoramic units<\/h2>\t\t\t\t<\/div>\n\t\t\t\t<\/div>\n\t\t\t\t<div class=\"elementor-element elementor-element-e55a19b elementor-widget elementor-widget-text-editor\" data-id=\"e55a19b\" data-element_type=\"widget\" data-e-type=\"widget\" data-widget_type=\"text-editor.default\">\n\t\t\t\t<div class=\"elementor-widget-container\">\n\t\t\t\t\t\t\t\t\t<div title=\"Page 2\"><div><div><div><p>Departamentos \u00fanicos con vistas panor\u00e1micas al mar y al manglar, integrados al entorno natural y dise\u00f1ados con detalles deluxe. Ideales para quienes buscan espacios amplios y experiencias \u00fanicas.<\/p><\/div><\/div><\/div><\/div>\t\t\t\t\t\t\t\t<\/div>\n\t\t\t\t<\/div>\n\t\t\t\t<div class=\"elementor-element elementor-element-16b098c6 elementor-align-left elementor-widget elementor-widget-button\" data-id=\"16b098c6\" data-element_type=\"widget\" data-e-type=\"widget\" data-widget_type=\"button.default\">\n\t\t\t\t<div class=\"elementor-widget-container\">\n\t\t\t\t\t\t\t\t\t<div class=\"elementor-button-wrapper\">\n\t\t\t\t\t<a class=\"elementor-button elementor-button-link elementor-size-sm\" href=\"https:\/\/mangroovypuertomorelos.com\/en\/unidades-disponibles\/penthouse\/\">\n\t\t\t\t\t\t<span class=\"elementor-button-content-wrapper\">\n\t\t\t\t\t\t\t\t\t<span class=\"elementor-button-text\">Learn More<\/span>\n\t\t\t\t\t<\/span>\n\t\t\t\t\t<\/a>\n\t\t\t\t<\/div>\n\t\t\t\t\t\t\t\t<\/div>\n\t\t\t\t<\/div>\n\t\t\t\t\t<\/div>\n\t\t<\/div>\n\t\t\t\t\t<\/div>\n\t\t<\/section>\n\t\t\t\t<\/div>","protected":false},"excerpt":{"rendered":"<p>Featured Properties Dptos de planta Lock Off Departamentos de 55\/ 60m2 con divisiones lock off. Full equipados y funcionales para renta vacacional. Ideales para inversores que esperan altos rendimientos de su inversio\u0301n. Ver m\u00e1s detalles Dptos de planta Gran Studio Departamentos de 72m2 disen\u0303ados para inversores que desean estancias ma\u0301s largas en su propiedad, y [&hellip;]<\/p>\n","protected":false},"author":1,"featured_media":476,"parent":0,"menu_order":0,"comment_status":"closed","ping_status":"closed","template":"elementor_header_footer","meta":{"_acf_changed":false,"footnotes":""},"class_list":["post-69","page","type-page","status-publish","has-post-thumbnail","hentry"],"acf":[],"_links":{"self":[{"href":"https:\/\/mangroovypuertomorelos.com\/en\/wp-json\/wp\/v2\/pages\/69","targetHints":{"allow":["GET"]}}],"collection":[{"href":"https:\/\/mangroovypuertomorelos.com\/en\/wp-json\/wp\/v2\/pages"}],"about":[{"href":"https:\/\/mangroovypuertomorelos.com\/en\/wp-json\/wp\/v2\/types\/page"}],"author":[{"embeddable":true,"href":"https:\/\/mangroovypuertomorelos.com\/en\/wp-json\/wp\/v2\/users\/1"}],"replies":[{"embeddable":true,"href":"https:\/\/mangroovypuertomorelos.com\/en\/wp-json\/wp\/v2\/comments?post=69"}],"version-history":[{"count":22,"href":"https:\/\/mangroovypuertomorelos.com\/en\/wp-json\/wp\/v2\/pages\/69\/revisions"}],"predecessor-version":[{"id":1285,"href":"https:\/\/mangroovypuertomorelos.com\/en\/wp-json\/wp\/v2\/pages\/69\/revisions\/1285"}],"wp:featuredmedia":[{"embeddable":true,"href":"https:\/\/mangroovypuertomorelos.com\/en\/wp-json\/wp\/v2\/media\/476"}],"wp:attachment":[{"href":"https:\/\/mangroovypuertomorelos.com\/en\/wp-json\/wp\/v2\/media?parent=69"}],"curies":[{"name":"wp","href":"https:\/\/api.w.org\/{rel}","templated":true}]}}